{"id":44,"date":"2025-11-24T18:40:36","date_gmt":"2025-11-24T17:40:36","guid":{"rendered":"https:\/\/mistrzowieenergii.monikarosa.com.pl\/?page_id=44"},"modified":"2025-12-10T08:55:25","modified_gmt":"2025-12-10T07:55:25","slug":"materialy-do-pobrania","status":"publish","type":"page","link":"https:\/\/columbusenergy.pl\/lp\/mistrzowie-energii\/materialy-do-pobrania\/","title":{"rendered":"Materia\u0142y do pobrania"},"content":{"rendered":"\n<div class=\"wp-block-group mt-0 has-accent-5-background-color has-background is-layout-flow wp-block-group-is-layout-flow\" style=\"padding-top:var(--wp--preset--spacing--50);padding-bottom:var(--wp--preset--spacing--60)\"><div class=\"wp-bootstrap-blocks-container container mb-2\">\n\t\n<div class=\"wp-bootstrap-blocks-row row\">\n\t\n\n<div class=\"col-12 col-md-12 col-lg-7 pe-lg-5\">\n\t\t\t\n\n<h1 class=\"wp-block-heading mb-4 has-accent-1-color has-text-color has-link-color has-xx-large-font-size wp-elements-83e1b7c90794e0132851067bc2898a30\" style=\"font-style:normal;font-weight:700\">Poznaj nasze Eksperymenty<\/h1>\n\n\n\n<p class=\"has-medium-font-size\"><strong>Witaj w &#8222;Mistrzach Energii&#8221;<br>&#8211; przestrzeni pe\u0142nej ekscytuj\u0105cych eksperyment\u00f3w, kt\u00f3re odkryj\u0105 przed tob\u0105 tajemnice energii.<\/strong><\/p>\n\n\n\n<p>Na tej stronie znajdziesz scenariusze eksperyment\u00f3w, kt\u00f3re w prosty i zrozumia\u0142y spos\u00f3b wyja\u015bniaj\u0105 podstawowe zjawiska fizyczne zwi\u0105zane z energi\u0105. Dzi\u0119ki nim uczniowie, niezale\u017cnie od wieku, mog\u0105 na w\u0142asne oczy zobaczy\u0107, jak energia wp\u0142ywa na nasze codzienne \u017cycie. Eksperymenty zosta\u0142y zaprojektowane z my\u015bl\u0105 o r\u00f3\u017cnych grupach wiekowych, co umo\u017cliwia ich \u0142atwe dostosowanie do potrzeb i poziomu wiedzy uczni\u00f3w.\u2028Scenariusze, opracowane przez Micha\u0142a Kuda &#8211; fizyka i eksperta edukacji, s\u0105 anga\u017cuj\u0105ce, proste do przeprowadzenia w warunkach szkolnych, co pozwala nauczycielom na dostosowanie ich do przebiegu lekcji.\u2028Gor\u0105co zach\u0119camy do edukacji poprzez do\u015bwiadczanie &#8211; nie ma skuteczniejszej metody, kt\u00f3ra stymuluje wyobra\u017ani\u0119 i wspiera rozw\u00f3j m\u0142odych umys\u0142\u00f3w!<\/p>\n\n\t<\/div>\n\n\n\n<div class=\"col-12 col-md-12 col-lg-5 mt-lg-0 mt-5\">\n\t\t\t<div class=\"h-100 d-flex flex-column justify-content-center\">\n\t\t\t\n\n<div class=\"wp-block-columns is-layout-flex wp-container-core-columns-is-layout-28f84493 wp-block-columns-is-layout-flex\">\n<div class=\"wp-block-column is-layout-flow wp-block-column-is-layout-flow\" style=\"flex-basis:100%\"><div style=\"width: 100%; \" class=\"ub-advanced-video-container wp-block-ub-advanced-video\" id=\"ub-advanced-video-6071a83a-af7d-45bd-9949-3bcc663efc60\"><div class=\"ub-advanced-video-embed ub-advanced-video-autofit-youtube\" style=\"box-shadow: 0px -0px 0px 0px rgba(0, 0, 0, 1); border-top: 0px solid ; border-left: 0px solid ; border-right: 0px solid ; border-bottom: 0px solid ; border-top-left-radius: 0px; border-top-right-radius: 0px; border-bottom-left-radius: 0px; border-bottom-right-radius: 0px; --ub-advanced-video-aspect-ratio: 1280\/720; \"><iframe loading=\"lazy\" width=\"1280\" height=\"720\" src=\"\/\/www.youtube.com\/embed\/bD8fyKx9skk?controls=0\" frameborder=\"0\" allow=\"accelerometer; autoplay; clipboard-write; encrypted-media; gyroscope; picture-in-picture; web-share\" referrerpolicy=\"strict-origin-when-cross-origin\" allowfullscreen><\/iframe><\/div><\/div><\/div>\n<\/div>\n\n\t\t<\/div>\n\t<\/div>\n\n<\/div>\n\n<\/div>\n<\/div>\n\n\n\n<div class=\"wp-block-group mt-0 downloads-list is-layout-flow wp-block-group-is-layout-flow\" style=\"padding-top:var(--wp--preset--spacing--60);padding-bottom:var(--wp--preset--spacing--60)\"><div class=\"wp-bootstrap-blocks-container container mb-2\">\n\t\n<div class=\"wp-bootstrap-blocks-row row align-items-center\">\n\t\n\n<div class=\"col-12 col-md-12 col-lg-7\">\n\t\t\t\n\n<h2 class=\"wp-block-heading mb-lg-5 mb-4 has-accent-6-color has-text-color has-link-color has-medium-font-size wp-elements-04364f22f20d038e9afe900477c219af\" style=\"font-style:normal;font-weight:700\">Lista Eksperyment\u00f3w &#8211; wykorzystaj dowolne!<\/h2>\n\n\n\n<ul class=\"wp-block-list list-style-none\">\n<li><a href=\"\/wp-content\/uploads\/2025\/11\/Wspolczesny-Jaskiniowiec.pdf\" target=\"_blank\" rel=\"noreferrer noopener\">Wsp\u00f3\u0142czesny jaskiniowiec<\/a><\/li>\n\n\n\n<li><a href=\"\/wp-content\/uploads\/2025\/11\/Lodowy-wyscig.pdf\" target=\"_blank\" rel=\"noreferrer noopener\">Lodowaty wy\u015bcig, czyli o przewodnictwie cieplnym<\/a><\/li>\n\n\n\n<li><a href=\"\/wp-content\/uploads\/2025\/11\/Domowy-balon.pdf\" target=\"_blank\" rel=\"noreferrer noopener\">Domowy balon, czyli o konwekcji<\/a><\/li>\n\n\n\n<li><a href=\"\/wp-content\/uploads\/2025\/11\/Swiecacy-pilot.pdf\" target=\"_blank\" rel=\"noreferrer noopener\">\u015awiec\u0105cy pilot, czyli jak dzia\u0142a promieniowanie<\/a><\/li>\n\n\n\n<li><a href=\"\/wp-content\/uploads\/2025\/11\/Przyciaganie-wody.pdf\" target=\"_blank\" rel=\"noreferrer noopener\">Przyci\u0105ganie wody balonem &#8211; oddzia\u0142ywanie przeciwnie na\u0142adowanych cia\u0142<\/a><\/li>\n\n\n\n<li><a href=\"\/wp-content\/uploads\/2025\/11\/Zerwij-elektrony.pdf\" target=\"_blank\" rel=\"noreferrer noopener\">Zerwij elektrony &#8211; oddzia\u0142ywanie tak samo na\u0142adowanych cia\u0142<\/a><\/li>\n\n\n\n<li><a href=\"\/wp-content\/uploads\/2025\/11\/Wingardium-leviosa.pdf\" target=\"_blank\" rel=\"noreferrer noopener\">Lewitowanie\/ Wingardium leviosa (HP fans) &#8211; przeciwnie na\u0142adowane cia\u0142a<\/a><\/li>\n\n\n\n<li><a href=\"\/wp-content\/uploads\/2025\/11\/Cytrynowa-bateria.pdf\" target=\"_blank\" rel=\"noreferrer noopener\">Cytrynowa\/ziemniaczana bateria &#8211; tworzenie obwodu elektrycznego<\/a><\/li>\n\n\n\n<li><a href=\"\/wp-content\/uploads\/2025\/11\/Silnik-na-folii-aluminiowej.pdf\" target=\"_blank\" rel=\"noreferrer noopener\">Najprostszy silnik elektryczny, czyli o polu magnetycznym<\/a><\/li>\n\n\n\n<li><a href=\"\/wp-content\/uploads\/2025\/11\/Prawie-najprostszy-silnik.pdf\" target=\"_blank\" rel=\"noreferrer noopener\">Prawie najprostszy silnik elektryczny, czyli jak dzia\u0142a si\u0142a elektrodynamiczna<\/a><\/li>\n\n\n\n<li><a href=\"\/wp-content\/uploads\/2025\/11\/Chmura-w-butelce.pdf\" target=\"_blank\" rel=\"noreferrer noopener\">Chmura w butelce, czyli rozpr\u0119\u017canie adiabatyczne<\/a><\/li>\n\n\n\n<li><a href=\"\/wp-content\/uploads\/2025\/11\/Rakieta.pdf\" target=\"_blank\" rel=\"noreferrer noopener\">Rakieta, czyli o zasadzie zachowania p\u0119du<\/a><\/li>\n\n\n\n<li><a href=\"\/wp-content\/uploads\/2025\/11\/Musujaca-rakieta.pdf\" target=\"_blank\" rel=\"noreferrer noopener\">Musuj\u0105ca rakieta, czyli o zasadzie zachowania p\u0119du<\/a><\/li>\n\n\n\n<li><a href=\"\/wp-content\/uploads\/2025\/11\/Niewidzialna-gasnica.pdf\" target=\"_blank\" rel=\"noreferrer noopener\">Niewidzialna ga\u015bnica, czyli o dwutlenku w\u0119gla<\/a><\/li>\n\n\n\n<li><a href=\"\/wp-content\/uploads\/2025\/11\/Emisja-gazow-cieplarnianych-\u2013-efekt-cieplarniany-w-sloiku.pdf\" target=\"_blank\" rel=\"noreferrer noopener\">Emisja gaz\u00f3w cieplarnianych<\/a><\/li>\n\n\n\n<li><a href=\"\/wp-content\/uploads\/2025\/11\/Fotosynteza-\u2013-tlen-w-lisciu.pdf\" target=\"_blank\" rel=\"noreferrer noopener\">Fotosynteza<\/a><\/li>\n\n\n\n<li><a href=\"\/wp-content\/uploads\/2025\/11\/Topniejacy-lod-a-poziom-wody.pdf\" target=\"_blank\" rel=\"noreferrer noopener\">Topniej\u0105cy l\u00f3d a poziom wody<\/a><\/li>\n\n\n\n<li>Powietrze jako izolator \u2013 dlaczego nasza planeta si\u0119 ogrzewa?<\/li>\n\n\n\n<li>Ekstremalne burze i zmiany klimatu<\/li>\n<\/ul>\n\n\n\n<div class=\"wp-block-buttons mt-lg-5 pt-3 is-layout-flex wp-block-buttons-is-layout-flex\">\n<div class=\"wp-block-button\"><a class=\"wp-block-button__link has-base-color has-accent-4-background-color has-text-color has-background has-link-color has-custom-font-size wp-element-button\" href=\"\/wp-content\/uploads\/2025\/11\/Columbus-Materialy-dla-Szkol.7z\" style=\"padding-top:var(--wp--preset--spacing--30);padding-right:var(--wp--preset--spacing--60);padding-bottom:var(--wp--preset--spacing--30);padding-left:var(--wp--preset--spacing--60);font-size:14px;font-style:normal;font-weight:700;letter-spacing:2px;text-transform:uppercase\" target=\"_blank\" rel=\"noreferrer noopener\">Pobierz wszystkie<\/a><\/div>\n<\/div>\n\n\t<\/div>\n\n\n\n<div class=\"col-12 col-md-12 col-lg-5 mt-lg-0 mt-5\">\n\t\t\t\n\n<div class=\"wp-block-columns is-layout-flex wp-container-core-columns-is-layout-28f84493 wp-block-columns-is-layout-flex\">\n<div class=\"wp-block-column is-layout-flow wp-block-column-is-layout-flow\" style=\"flex-basis:100%\">\n<figure class=\"wp-block-image aligncenter size-full\"><img loading=\"lazy\" decoding=\"async\" width=\"684\" height=\"563\" src=\"https:\/\/columbusenergy.pl\/lp\/mistrzowie-energii\/wp-content\/uploads\/2025\/11\/mistrzowie_energii_3.png\" alt=\"\" class=\"wp-image-73\" srcset=\"https:\/\/columbusenergy.pl\/lp\/mistrzowie-energii\/wp-content\/uploads\/2025\/11\/mistrzowie_energii_3.png 684w, https:\/\/columbusenergy.pl\/lp\/mistrzowie-energii\/wp-content\/uploads\/2025\/11\/mistrzowie_energii_3-300x247.png 300w\" sizes=\"auto, (max-width: 684px) 100vw, 684px\" \/><\/figure>\n<\/div>\n<\/div>\n\n\t<\/div>\n\n<\/div>\n\n<\/div>\n<\/div>\n\n\n\n<div id=\"kontakt\" class=\"wp-block-group mt-0 has-base-background-color has-background is-layout-flow wp-block-group-is-layout-flow\" style=\"padding-top:var(--wp--preset--spacing--70);padding-bottom:var(--wp--preset--spacing--70)\"><div class=\"wp-bootstrap-blocks-container container mb-2 container-narrow\">\n\t\n<div class=\"wp-bootstrap-blocks-row row align-items-center\">\n\t\n\n<div class=\"col-12 col-md-12 col-lg-5 pe-lg-5\">\n\t\t\t\n\n<h4 class=\"wp-block-heading mb-4 has-accent-1-color has-text-color has-link-color has-large-font-size wp-elements-c57923e3a723b45f04069c002ff7189c\" style=\"font-style:normal;font-weight:700\">Chcesz dowiedzie\u0107 si\u0119 wi\u0119cej?<br>Skontaktuj si\u0119 z nami<\/h4>\n\n\n\n<p class=\"mb-4\">Masz pytania odno\u015bnie do Mistrz\u00f3w Energii?<br>Wype\u0142nij formularz lub skontaktuj si\u0119 z dedykowanym opiekunem projektu.<\/p>\n\n\n\n<h4 class=\"wp-block-heading mb-4 mt-5 pt-lg-5 has-accent-1-color has-text-color has-link-color has-large-font-size wp-elements-7fc518912675a1f502bcb45552e7a599\" style=\"font-style:normal;font-weight:700\">Kontakt<\/h4>\n\n\n\n<p>Sabina Dobrzanowska<br>Project Manager Mistrzowie Energii<br>tel.\u00a0<strong>726 500 563<\/strong><br>mail:\u00a0<strong>office@carbonfootprintfoundation.com<\/strong><\/p>\n\n\t<\/div>\n\n\n\n<div class=\"col-12 col-md-12 col-lg-7  mt-lg-0 mt-5\">\n\t\t\t<div class=\"h-100 d-flex flex-column justify-content-center\">\n\t\t\t\n\n<div class=\"wp-block-group form-wrapper has-border-color has-accent-5-background-color has-background is-layout-flow wp-block-group-is-layout-flow\" style=\"border-color:#e5e5e5;border-width:1px\">\n<h3 class=\"wp-block-heading\">Masz pytania, chcesz zg\u0142osi\u0107 szko\u0142\u0119?<\/h3>\n\n\n\n<div class=\"wp-block-contact-form-7-contact-form-selector\">\n<div class=\"wpcf7 no-js\" id=\"wpcf7-f351-o1\" lang=\"pl-PL\" dir=\"ltr\" data-wpcf7-id=\"351\">\n<div class=\"screen-reader-response\"><p role=\"status\" aria-live=\"polite\" aria-atomic=\"true\"><\/p> <ul><\/ul><\/div>\n<form action=\"\/lp\/mistrzowie-energii\/wp-json\/wp\/v2\/pages\/44#wpcf7-f351-o1\" method=\"post\" class=\"wpcf7-form init\" aria-label=\"Formularz kontaktowy\" novalidate=\"novalidate\" data-status=\"init\">\n<fieldset class=\"hidden-fields-container\"><input type=\"hidden\" name=\"_wpcf7\" value=\"351\" \/><input type=\"hidden\" name=\"_wpcf7_version\" value=\"6.1.5\" \/><input type=\"hidden\" name=\"_wpcf7_locale\" value=\"pl_PL\" \/><input type=\"hidden\" name=\"_wpcf7_unit_tag\" value=\"wpcf7-f351-o1\" \/><input type=\"hidden\" name=\"_wpcf7_container_post\" value=\"0\" \/><input type=\"hidden\" name=\"_wpcf7_posted_data_hash\" value=\"\" \/>\n<\/fieldset>\n<div class=\"container-fluid cf7-form px-0 mx-0\">\n\t<div class=\"row\">\n\n <!-- Nazwa Szko\u0142y -->\n\t\t<div class=\"col-md-6 mb-3\">\n\t\t\t<p><label class=\"form-label\">Nazwa Szko\u0142y <span class=\"text-red\">*<\/span><\/label><br \/>\n<span class=\"wpcf7-form-control-wrap\" data-name=\"nazwa-szkoly\"><input size=\"40\" maxlength=\"400\" class=\"wpcf7-form-control wpcf7-text wpcf7-validates-as-required form-control\" aria-required=\"true\" aria-invalid=\"false\" placeholder=\"Wpisz nazw\u0119 szko\u0142y\" value=\"\" type=\"text\" name=\"nazwa-szkoly\" \/><\/span>\n\t\t\t<\/p>\n\t\t<\/div>\n\n <!-- Email -->\n\t\t<div class=\"col-md-6 mb-3\">\n\t\t\t<p><label class=\"form-label\">Adres e-mail <span class=\"text-red\">*<\/span><\/label><br \/>\n<span class=\"wpcf7-form-control-wrap\" data-name=\"adres-email\"><input size=\"40\" maxlength=\"400\" class=\"wpcf7-form-control wpcf7-email wpcf7-validates-as-required wpcf7-text wpcf7-validates-as-email form-control\" aria-required=\"true\" aria-invalid=\"false\" placeholder=\"Wpisz sw\u00f3j adres@email.pl\" value=\"\" type=\"email\" name=\"adres-email\" \/><\/span>\n\t\t\t<\/p>\n\t\t<\/div>\n\n <!-- Imi\u0119 i nazwisko -->\n\t\t<div class=\"col-md-6 mb-3\">\n\t\t\t<p><label class=\"form-label\">Imi\u0119 i nazwisko <span class=\"text-red\">*<\/span><\/label><br \/>\n<span class=\"wpcf7-form-control-wrap\" data-name=\"imie-nazwisko\"><input size=\"40\" maxlength=\"400\" class=\"wpcf7-form-control wpcf7-text wpcf7-validates-as-required form-control\" aria-required=\"true\" aria-invalid=\"false\" placeholder=\"Wpisz swoje imi\u0119 i nazwisko\" value=\"\" type=\"text\" name=\"imie-nazwisko\" \/><\/span>\n\t\t\t<\/p>\n\t\t<\/div>\n\n <!-- Numer telefonu -->\n\t\t<div class=\"col-md-6 mb-3\">\n\t\t\t<p><label class=\"form-label\">Numer telefonu<\/label>\n\t\t\t<\/p>\n\t\t\t<div class=\"input-group\">\n\t\t\t\t<div class=\"input-group-prepend\">\n\t\t\t\t\t<p><span class=\"input-group-text\"><img decoding=\"async\" src=\"https:\/\/columbusenergy.pl\/lp\/mistrzowie-energii\/wp-content\/themes\/mistrzowieenergii\/images\/pl.jpg\" \/> +48<\/span>\n\t\t\t\t\t<\/p>\n\t\t\t\t<\/div>\n\t\t\t\t<p><span class=\"wpcf7-form-control-wrap\" data-name=\"telefon\"><input size=\"40\" maxlength=\"400\" class=\"wpcf7-form-control wpcf7-tel wpcf7-text wpcf7-validates-as-tel form-control\" aria-invalid=\"false\" placeholder=\"000 000 000\" value=\"\" type=\"tel\" name=\"telefon\" \/><\/span>\n\t\t\t\t<\/p>\n\t\t\t<\/div>\n\t\t<\/div>\n\n <!-- Tre\u015b\u0107 zapytania -->\n\t\t<div class=\"col-md-6 mb-3\">\n\t\t\t<p><label class=\"form-label\">Tre\u015b\u0107 zapytania <span class=\"text-red\">*<\/span><\/label><br \/>\n<span class=\"wpcf7-form-control-wrap\" data-name=\"tresc\"><textarea cols=\"40\" rows=\"3\" maxlength=\"2000\" class=\"wpcf7-form-control wpcf7-textarea wpcf7-validates-as-required form-control\" aria-required=\"true\" aria-invalid=\"false\" placeholder=\"Wpisz tre\u015b\u0107 zapytania\" name=\"tresc\"><\/textarea><\/span>\n\t\t\t<\/p>\n\t\t<\/div>\n\n <!-- Zgoda 1 -->\n\t\t<div class=\"col-md-6 mb-3\">\n\t\t\t<div class=\"d-flex justify-content-between align-items-center mt-md-4 pt-1\">\n\t\t\t\t<p><label class=\"label-zgoda mb-0\">Zgoda elektroniczna dla Columbus Energy S.A.*<\/label><br \/>\n<a class=\"toggle-zgoda\" data-bs-toggle=\"collapse\" href=\"#zgoda2\" role=\"button\" aria-expanded=\"false\">Rozwi\u0144<\/a>\n\t\t\t\t<\/p>\n\t\t\t<\/div>\n\t\t\t<div class=\"collapse mt-2\" id=\"zgoda2\">\n\t\t\t\t<div class=\"text-zgoda\">\n\t\t\t\t\t<p>Wyra\u017cam zgod\u0119 na marketing bezpo\u015bredni przez Columbus Energy S.A.* przy u\u017cyciu telekomunikacyjnego urz\u0105dzenia ko\u0144cowego lub automatycznych system\u00f3w wywo\u0142uj\u0105cych, zgoda mo\u017ce by\u0107 w ka\u017cdym czasie odwo\u0142ana. Zgoda ta jest potrzeba tak\u017ce do wysy\u0142ania emaili.\n\t\t\t\t\t<\/p>\n\t\t\t\t<\/div>\n\t\t\t<\/div>\n\t\t<\/div>\n\n <!-- Zgoda 2 -->\n\t\t<div class=\"col-12 mb-2\">\n\t\t\t<div class=\"d-flex justify-content-between\">\n\t\t\t\t<p><label class=\"label-zgoda mb-0\"><span class=\"wpcf7-form-control-wrap\" data-name=\"zgoda-telefoniczna\"><span class=\"wpcf7-form-control wpcf7-checkbox wpcf7-validates-as-required form-check-input\"><span class=\"wpcf7-list-item first last\"><label><input type=\"checkbox\" name=\"zgoda-telefoniczna[]\" value=\"Zgoda telekomunikacyjna dla Columbus Energy S.A.*\" \/><span class=\"wpcf7-list-item-label\">Zgoda telekomunikacyjna dla Columbus Energy S.A.*<\/span><\/label><\/span><\/span><\/span><\/label><a class=\"toggle-zgoda ps-md-2\" data-bs-toggle=\"collapse\" href=\"#zgoda1\" role=\"button\" aria-expanded=\"false\">Rozwi\u0144<\/a>\n\t\t\t\t<\/p>\n\t\t\t<\/div>\n\t\t\t<div class=\"collapse mt-2\" id=\"zgoda1\">\n\t\t\t\t<div class=\"text-zgoda ps-4\">\n\t\t\t\t\t<p>Podaj\u0105c e-mail wyra\u017casz zgod\u0119 na przesy\u0142anie przez Columbus Energy S.A.* informacji handlowych dot. jej produkt\u00f3w lub us\u0142ug na adres email, zgoda mo\u017ce by\u0107 w ka\u017cdym czasie odwo\u0142ana.\n\t\t\t\t\t<\/p>\n\t\t\t\t<\/div>\n\t\t\t<\/div>\n\t\t<\/div>\n\n\n <!-- Przycisk wysy\u0142ania -->\n\t\t<div class=\"col-12 mb-3 text-center\">\n\t\t\t<p><input class=\"wpcf7-form-control wpcf7-submit has-spinner btn btn-submit\" type=\"submit\" value=\"Wy\u015blij formularz\" \/>\n\t\t\t<\/p>\n\t\t<\/div>\n\n <!-- RODO -->\n\t\t<div class=\"col-12\">\n\t\t\t<div class=\"d-flex justify-content-between align-items-start\">\n\t\t\t\t<p><img decoding=\"async\" src=\"https:\/\/columbusenergy.pl\/lp\/mistrzowie-energii\/wp-content\/themes\/mistrzowieenergii\/images\/lock.svg\" title=\"Zgoda RODO\" \/>\n\t\t\t\t<\/p>\n\t\t\t\t<p class=\"label-zgoda\">Administratorem danych osobowych jest Columbus Energy S.A. z siedzib\u0105 w Krakowie, ul. Jasnog\u00f3rska 9, 31-358 Krak\u00f3w. <a class=\"toggle-zgoda ps-md-2\" data-bs-toggle=\"collapse\" href=\"#zgoda3\" role=\"button\" aria-expanded=\"false\">Rozwi\u0144<\/a>\n\t\t\t\t<\/p>\n\t\t\t<\/div>\n\t\t\t<div class=\"collapse mt-2\" id=\"zgoda3\">\n\t\t\t\t<div class=\"text-zgoda\">\n\t\t\t\t\t<p>Administratorem danych osobowych jest Columbus Energy S.A.* mail do iod: iod@columbusenergy.pl, cel przetwarzania to: marketing produkt\u00f3w i us\u0142ug. Prawa osoby, kt\u00f3rej dane dot. w zakresie danych osobowych: dost\u0119pu, sprostowania, usuni\u0119cia, ograniczenia przetwarzania, wniesienia sprzeciwu, przenoszenia danych, wniesienia skargi do organu nadzorczego, cofni\u0119cia zgody. <a href=\"https:\/\/columbusenergy.pl\/polityka-prywatnosci\/\" class=\"text-blue\" target=\"_blank\" title=\"Pe\u0142na tre\u015b\u0107 klauzuli informacyjnej\">Pe\u0142na tre\u015b\u0107 klauzuli informacyjnej<\/a>\n\t\t\t\t\t<\/p>\n\t\t\t\t<\/div>\n\t\t\t<\/div>\n\t\t<\/div>\n\t<\/div>\n<\/div><div class=\"wpcf7-response-output\" aria-hidden=\"true\"><\/div>\n<\/form>\n<\/div>\n<\/div>\n<\/div>\n\n\t\t<\/div>\n\t<\/div>\n\n<\/div>\n\n<\/div>\n<\/div>\n\n\n\n<div class=\"wp-block-group is-layout-flow wp-block-group-is-layout-flow\">\n<div class=\"wp-swiper\"><div class=\"wp-swiper__wrapper\"><div class=\"swiper-container swiper\" style=\"height:500px\" data-swiper=\"{&quot;slidesPerView&quot;:1,&quot;slidesPerGroup&quot;:1,&quot;slidesPerGroupAuto&quot;:false,&quot;slidesPerGroupSkip&quot;:0,&quot;navigation&quot;:true,&quot;pagination&quot;:{&quot;type&quot;:&quot;bullets&quot;},&quot;delay&quot;:3000,&quot;speed&quot;:500,&quot;loop&quot;:true,&quot;direction&quot;:&quot;horizontal&quot;,&quot;slidesOffsetBefore&quot;:0,&quot;slidesOffsetAfter&quot;:0,&quot;autoHeight&quot;:false,&quot;spaceBetween&quot;:0,&quot;releaseOnEdges&quot;:false,&quot;loopAddBlankSlides&quot;:true,&quot;loopAdditionalSlides&quot;:0,&quot;effect&quot;:&quot;slide&quot;,&quot;autoplay&quot;:{&quot;delay&quot;:3000,&quot;disableOnInteraction&quot;:true,&quot;waitForTransition&quot;:true}}\"><div class=\"swiper-wrapper\">\n<div data-tab=\"slide-1\" class=\"wp-swiper__slide swiper-slide\"><div class=\"wp-swiper__overlay-color\" style=\"background-color:rgba(0, 0, 0, 0)\"><\/div><div class=\"wp-swiper__slide-content\">\n<div class=\"wp-block-group mt-0 is-layout-flow wp-block-group-is-layout-flow has-background\" style=\"padding-top:var(--wp--preset--spacing--70);padding-bottom:var(--wp--preset--spacing--70);background-image:url(&apos;https:\/\/columbusenergy.pl\/lp\/mistrzowie-energii\/wp-content\/uploads\/2025\/11\/ekologiczne_rozwiazania.jpg&apos;);background-size:cover;\"><div class=\"wp-bootstrap-blocks-container container mb-2\">\n\t\n<div class=\"wp-bootstrap-blocks-row row align-items-center\">\n\t\n\n<div class=\"col-12 col-md-6\">\n\t\t\t\n\n<figure class=\"wp-block-image size-large is-resized\"><img loading=\"lazy\" decoding=\"async\" width=\"136\" height=\"136\" src=\"https:\/\/columbusenergy.pl\/lp\/mistrzowie-energii\/wp-content\/uploads\/2025\/11\/columbus_logo.svg\" alt=\"\" class=\"wp-image-10\" style=\"width:237px\"\/><\/figure>\n\n\t<\/div>\n\n\n\n<div class=\"col-12 col-md-6\">\n\t\t\t\n\n<p class=\"has-xx-large-font-size\" style=\"line-height:1.2\"><strong>Ekologiczne rozwi\u0105zania<\/strong> <br>dla domu i firmy<\/p>\n\n\n\n<div class=\"wp-block-buttons mt-4 is-layout-flex wp-block-buttons-is-layout-flex\">\n<div class=\"wp-block-button\"><a class=\"wp-block-button__link has-base-color has-accent-4-background-color has-text-color has-background has-link-color has-custom-font-size wp-element-button\" href=\"https:\/\/columbusenergy.pl\" style=\"padding-top:var(--wp--preset--spacing--30);padding-right:var(--wp--preset--spacing--60);padding-bottom:var(--wp--preset--spacing--30);padding-left:var(--wp--preset--spacing--60);font-size:14px;font-style:normal;font-weight:700;letter-spacing:2px;text-transform:uppercase\" target=\"_blank\" rel=\"noreferrer noopener nofollow\">Sprawd\u017a<\/a><\/div>\n<\/div>\n\n\t<\/div>\n\n<\/div>\n\n<\/div>\n<\/div>\n<\/div><\/div>\n\n\n\n<div data-tab=\"slide-2\" class=\"wp-swiper__slide swiper-slide\"><div class=\"wp-swiper__overlay-color\" style=\"background-color:rgba(0, 0, 0, 0)\"><\/div><div class=\"wp-swiper__slide-content\">\n<div class=\"wp-block-group mt-0 is-layout-flow wp-block-group-is-layout-flow has-background\" style=\"padding-top:var(--wp--preset--spacing--60);padding-bottom:var(--wp--preset--spacing--60);background-image:url(&apos;https:\/\/columbusenergy.pl\/lp\/mistrzowie-energii\/wp-content\/uploads\/2025\/11\/carbon_footprint_bg.jpg&apos;);background-size:cover;\"><div class=\"wp-bootstrap-blocks-container container mb-2\">\n\t\n<div class=\"wp-bootstrap-blocks-row row align-items-center\">\n\t\n\n<div class=\"col-12 col-md-6\">\n\t\t\t\n\n<figure class=\"wp-block-image size-large is-resized carbonfootprint\"><img loading=\"lazy\" decoding=\"async\" width=\"367\" height=\"162\" src=\"https:\/\/columbusenergy.pl\/lp\/mistrzowie-energii\/wp-content\/uploads\/2025\/11\/carbon_footprint_logo.svg\" alt=\"\" class=\"wp-image-12\" style=\"width:auto;height:236px\"\/><\/figure>\n\n\t<\/div>\n\n\n\n<div class=\"col-12 col-md-6\">\n\t\t\t\n\n<p class=\"mb-2 has-text-color has-link-color has-xx-large-font-size wp-elements-f1abbd05bf71e0e9d8d988cc4062af26\" style=\"color:#468341;font-style:normal;font-weight:700;line-height:1.1\">Zielona Transformacja<br>w Twojej Firmie?<\/p>\n\n\n\n<p class=\"mb-1 has-text-color has-link-color has-x-large-font-size wp-elements-237f42141c9531a9892e25d49339be82\" style=\"color:#d96a25;font-style:normal;font-weight:500;line-height:1.2\">Wdra\u017caj zmiany,<br>kt\u00f3re maj\u0105 znaczenie.<\/p>\n\n\n\n<div class=\"wp-block-buttons mt-3 is-layout-flex wp-block-buttons-is-layout-flex\">\n<div class=\"wp-block-button\"><a class=\"wp-block-button__link has-base-color has-text-color has-background has-link-color has-custom-font-size wp-element-button\" href=\"https:\/\/carbonfootprintfoundation.com\/\" style=\"background-color:#d96a25;padding-top:var(--wp--preset--spacing--30);padding-right:var(--wp--preset--spacing--60);padding-bottom:var(--wp--preset--spacing--30);padding-left:var(--wp--preset--spacing--60);font-size:14px;font-style:normal;font-weight:700;letter-spacing:2px;text-transform:uppercase\" target=\"_blank\" rel=\"noreferrer noopener nofollow\">Sprawd\u017a<\/a><\/div>\n<\/div>\n\n\t<\/div>\n\n<\/div>\n\n<\/div>\n<\/div>\n<\/div><\/div>\n<\/div><\/div><div class=\"wp_swiper__navigation\"><div class=\"wp_swiper__navigation-container\"><div class=\"swiper-button-prev \"><\/div><div class=\"swiper-button-next \"><\/div><\/div><\/div><\/div><\/div>\n<\/div>\n","protected":false},"excerpt":{"rendered":"","protected":false},"author":1,"featured_media":0,"parent":0,"menu_order":0,"comment_status":"closed","ping_status":"closed","template":"","meta":{"_acf_changed":false,"footnotes":""},"class_list":["post-44","page","type-page","status-publish","hentry"],"acf":[],"featured_image_src":null,"_links":{"self":[{"href":"https:\/\/columbusenergy.pl\/lp\/mistrzowie-energii\/wp-json\/wp\/v2\/pages\/44","targetHints":{"allow":["GET"]}}],"collection":[{"href":"https:\/\/columbusenergy.pl\/lp\/mistrzowie-energii\/wp-json\/wp\/v2\/pages"}],"about":[{"href":"https:\/\/columbusenergy.pl\/lp\/mistrzowie-energii\/wp-json\/wp\/v2\/types\/page"}],"author":[{"embeddable":true,"href":"https:\/\/columbusenergy.pl\/lp\/mistrzowie-energii\/wp-json\/wp\/v2\/users\/1"}],"replies":[{"embeddable":true,"href":"https:\/\/columbusenergy.pl\/lp\/mistrzowie-energii\/wp-json\/wp\/v2\/comments?post=44"}],"version-history":[{"count":32,"href":"https:\/\/columbusenergy.pl\/lp\/mistrzowie-energii\/wp-json\/wp\/v2\/pages\/44\/revisions"}],"predecessor-version":[{"id":597,"href":"https:\/\/columbusenergy.pl\/lp\/mistrzowie-energii\/wp-json\/wp\/v2\/pages\/44\/revisions\/597"}],"wp:attachment":[{"href":"https:\/\/columbusenergy.pl\/lp\/mistrzowie-energii\/wp-json\/wp\/v2\/media?parent=44"}],"curies":[{"name":"wp","href":"https:\/\/api.w.org\/{rel}","templated":true}]}}